{"id":4,"date":"2016-12-16T11:47:07","date_gmt":"2016-12-16T11:47:07","guid":{"rendered":"http:\/\/www.salzburg-privat.at\/?page_id=4"},"modified":"2024-10-01T12:12:04","modified_gmt":"2024-10-01T12:12:04","slug":"home-2","status":"publish","type":"page","link":"https:\/\/kaernten-privat.at\/","title":{"rendered":"Home"},"content":{"rendered":"<p>[et_pb_section fb_built=&#8221;1&#8243; fullwidth=&#8221;on&#8221; _builder_version=&#8221;4.4.8&#8243; transform_styles__hover_enabled=&#8221;on|desktop&#8221; transform_scale__hover_enabled=&#8221;on|desktop&#8221; transform_translate__hover_enabled=&#8221;on|desktop&#8221; transform_rotate__hover_enabled=&#8221;on|desktop&#8221; transform_skew__hover_enabled=&#8221;on|desktop&#8221; transform_origin__hover_enabled=&#8221;on|desktop&#8221;][et_pb_fullwidth_slider _builder_version=&#8221;4.4.8&#8243; header_font=&#8221;|||||on|||&#8221; body_font=&#8221;|700|||||||&#8221; body_font_size=&#8221;16px&#8221; body_line_height=&#8221;1.4em&#8221; background_image=&#8221;\/wp-content\/uploads\/2023\/12\/ktn-privat-header.jpg&#8221; parallax=&#8221;on&#8221; custom_button=&#8221;on&#8221; button_text_color=&#8221;#000000&#8243; button_bg_color=&#8221;#edf000&#8243; button_border_color=&#8221;#edf000&#8243; hover_transition_duration=&#8221;0ms&#8221; header_font_tablet=&#8221;&#8221; header_font_phone=&#8221;|600||||on|||&#8221; header_font_last_edited=&#8221;on|phone&#8221; header_font_size_tablet=&#8221;&#8221; header_font_size_phone=&#8221;62px&#8221; header_font_size_last_edited=&#8221;on|phone&#8221; body_font_tablet=&#8221;&#8221; body_font_phone=&#8221;&#8221; body_font_last_edited=&#8221;on|desktop&#8221; box_shadow_style=&#8221;preset1&#8243; text_shadow_style=&#8221;preset3&#8243; text_shadow_color=&#8221;#000000&#8243;][et_pb_slide heading=&#8221;K\u00e4rnten privat&#8221; use_bg_overlay=&#8221;off&#8221; use_text_overlay=&#8221;off&#8221; _builder_version=&#8221;4.4.8&#8243; header_font=&#8221;|600||||on|||&#8221; body_font_size=&#8221;24px&#8221; background_image=&#8221;\/wp-content\/uploads\/2023\/12\/ktn-privat-header-new.jpg&#8221; background_enable_image=&#8221;on&#8221; z_index=&#8221;0&#8243; header_font_phone=&#8221;|||||on|||&#8221; header_font_last_edited=&#8221;off|desktop&#8221; header_font_size_tablet=&#8221;&#8221; header_font_size_phone=&#8221;42px&#8221; header_font_size_last_edited=&#8221;on|phone&#8221; body_font_tablet=&#8221;&#8221; body_font_phone=&#8221;&#8221; body_font_last_edited=&#8221;on|desktop&#8221; body_font_size_tablet=&#8221;&#8221; body_font_size_phone=&#8221;16px&#8221; body_font_size_last_edited=&#8221;on|phone&#8221; background_last_edited=&#8221;off|desktop&#8221; text_shadow_style=&#8221;preset3&#8243; text_shadow_color=&#8221;#000000&#8243;]<\/p>\n<p>[\/et_pb_slide][\/et_pb_fullwidth_slider][\/et_pb_section][et_pb_section fb_built=&#8221;1&#8243; admin_label=&#8221;Section&#8221; _builder_version=&#8221;3.22&#8243;][et_pb_row admin_label=&#8221;Row&#8221; _builder_version=&#8221;4.4.8&#8243; background_color=&#8221;rgba(0,0,0,0)&#8221; background_size=&#8221;initial&#8221; background_position=&#8221;top_left&#8221; background_repeat=&#8221;repeat&#8221; custom_padding=&#8221;24px|||||&#8221;][et_pb_column type=&#8221;4_4&#8243; _builder_version=&#8221;4.4.8&#8243;][et_pb_text _builder_version=&#8221;4.4.8&#8243; text_text_color=&#8221;#000000&#8243; link_font=&#8221;||||on||||&#8221; header_text_color=&#8221;#000000&#8243;]<\/p>\n<p><strong>Vielen Dank f\u00fcr Ihre Teilnahme! Der vom <a href=\"https:\/\/landesmuseum.ktn.gv.at\/\" target=\"_blank\" rel=\"noopener\">k\u00e4rnten.museum<\/a>, <a href=\"https:\/\/www.filmarchiv.at\/\" target=\"_blank\" rel=\"noopener\">Filmarchiv Austria<\/a> in Kooperation mit K\u00e4rntner Regionalmuseen und Kulturvereinen initiierte Amateurfilm-Suchaufruf ist im September 2024 erfolgreich zu Ende gegangen.<\/strong><\/p>\n<p>Vielen Dank an alle Einbringer:innen, die uns ihr Vertrauen geschenkt und mit ihrer Teilnahme an &#8220;K\u00e4rnten privat&#8221; einen essentiellen Beitrag zur Bewahrung des \u00f6sterreichischen Amateurfilmerbes geleistet haben!<\/p>\n<p>Derzeit arbeitet das Filmarchiv Austria intensiv an der Sichtung, Digitalisierung und Archivierung von \u00fcber <strong>17.000<\/strong> <strong>Filmen<\/strong>, die von mehr als <strong>750 Einbringer:innen<\/strong> zwischen 20. Dezember 2023 und 30. September 2024 in unseren Abgabestellen in ganz K\u00e4rnten \u00fcbergeben wurden. Ihre Filme sind eine einzigartige film- und kulturhistorisch Quelle, die die \u00f6sterreichische Geschichte des 20. Jahrhunderts aus einer privaten Perspektive sicht- und erlebbar macht.<\/p>\n<p>&nbsp;<\/p>\n<p>F\u00fcr Fragen steht Ihnen nach wie vor unsere Gratis-Hotline zur Verf\u00fcgung:\u00a0 <strong><a href=\"tel: 0800 220 155\">0800 220 155 <\/a><\/strong>(Mo\u2013Fr, 9\u201315 Uhr)<\/p>\n<p>&nbsp;<\/p>\n<p><strong>Eine Initiative von k\u00e4rnten.museum, Filmarchiv Austria und Land K\u00e4rnten in Kooperation mit K\u00e4rntner Regionalmuseen und Kulturvereinen sowie mit Unterst\u00fctzung des ORF Landesstudio K\u00e4rnten. Gef\u00f6rdert aus Mitteln der\u00a0K\u00e4rnten Privatstiftung.<\/strong><\/p>\n<p>[\/et_pb_text][\/et_pb_column][\/et_pb_row][et_pb_row column_structure=&#8221;1_5,1_5,1_5,1_5,1_5&#8243; admin_label=&#8221;Row&#8221; _builder_version=&#8221;4.4.8&#8243; saved_tabs=&#8221;all&#8221;][et_pb_column type=&#8221;1_5&#8243; _builder_version=&#8221;4.4.8&#8243;][et_pb_image src=&#8221;\/wp-content\/uploads\/2023\/12\/signet-klein.png&#8221; title_text=&#8221;signet klein&#8221; url=&#8221;https:\/\/landesmuseum.ktn.gv.at\/standorte\/kaerntenmuseum&#8221; url_new_window=&#8221;on&#8221; align=&#8221;center&#8221; _builder_version=&#8221;4.4.8&#8243; width=&#8221;38%&#8221; custom_margin=&#8221;0px||||false|false&#8221;][\/et_pb_image][\/et_pb_column][et_pb_column type=&#8221;1_5&#8243; _builder_version=&#8221;4.4.8&#8243;][et_pb_image src=&#8221;\/wp-content\/uploads\/2020\/06\/logo_quadr_faa.jpg&#8221; title_text=&#8221;logo_quadr_faa&#8221; url=&#8221;http:\/\/www.filmarchiv.at&#8221; url_new_window=&#8221;on&#8221; align=&#8221;center&#8221; _builder_version=&#8221;4.4.8&#8243; width=&#8221;24%&#8221; max_height=&#8221;178px&#8221; custom_margin=&#8221;||||false|false&#8221;][\/et_pb_image][\/et_pb_column][et_pb_column type=&#8221;1_5&#8243; _builder_version=&#8221;4.4.8&#8243;][et_pb_image src=&#8221;\/wp-content\/uploads\/2023\/12\/kaernten_privatstiftung_logo.png&#8221; title_text=&#8221;kaernten_privatstiftung_logo&#8221; url=&#8221;https:\/\/www.kaerntenprivatstiftung.at\/&#8221; url_new_window=&#8221;on&#8221; align=&#8221;center&#8221; _builder_version=&#8221;4.5.3&#8243; width=&#8221;50%&#8221; custom_margin=&#8221;||11px||false|false&#8221;][\/et_pb_image][\/et_pb_column][et_pb_column type=&#8221;1_5&#8243; _builder_version=&#8221;4.4.8&#8243;][et_pb_image src=&#8221;\/wp-content\/uploads\/2023\/12\/Logo_Land-Karnten-Kultur.jpeg&#8221; title_text=&#8221;Land K\u00e4rnten Kultur&#8221; url=&#8221;https:\/\/www.kulturchannel.at\/&#8221; url_new_window=&#8221;on&#8221; align=&#8221;center&#8221; _builder_version=&#8221;4.5.3&#8243; width=&#8221;73%&#8221; custom_margin=&#8221;||||false|false&#8221;][\/et_pb_image][\/et_pb_column][et_pb_column type=&#8221;1_5&#8243; _builder_version=&#8221;4.4.8&#8243;][et_pb_image src=&#8221;\/wp-content\/uploads\/2024\/04\/ORF_K_neu_klein.jpg&#8221; title_text=&#8221;ORF_K_neu_klein&#8221; url=&#8221;https:\/\/kaernten.orf.at\/&#8221; url_new_window=&#8221;on&#8221; align=&#8221;center&#8221; _builder_version=&#8221;4.5.3&#8243; width=&#8221;62%&#8221; custom_margin=&#8221;||||false|false&#8221; hover_enabled=&#8221;0&#8243;][\/et_pb_image][\/et_pb_column][\/et_pb_row][\/et_pb_section]<\/p>\n","protected":false},"excerpt":{"rendered":"<p>[et_pb_section fb_built=&#8221;1&#8243; fullwidth=&#8221;on&#8221; _builder_version=&#8221;4.4.8&#8243; transform_styles__hover_enabled=&#8221;on|desktop&#8221; transform_scale__hover_enabled=&#8221;on|desktop&#8221; transform_translate__hover_enabled=&#8221;on|desktop&#8221; transform_rotate__hover_enabled=&#8221;on|desktop&#8221; transform_skew__hover_enabled=&#8221;on|desktop&#8221; transform_origin__hover_enabled=&#8221;on|desktop&#8221;][et_pb_fullwidth_slider _builder_version=&#8221;4.4.8&#8243; header_font=&#8221;|||||on|||&#8221; body_font=&#8221;|700|||||||&#8221; body_font_size=&#8221;16px&#8221; body_line_height=&#8221;1.4em&#8221; background_image=&#8221;\/wp-content\/uploads\/2023\/12\/ktn-privat-header.jpg&#8221; parallax=&#8221;on&#8221; custom_button=&#8221;on&#8221; button_text_color=&#8221;#000000&#8243; button_bg_color=&#8221;#edf000&#8243; button_border_color=&#8221;#edf000&#8243; hover_transition_duration=&#8221;0ms&#8221; header_font_tablet=&#8221;&#8221; header_font_phone=&#8221;|600||||on|||&#8221; header_font_last_edited=&#8221;on|phone&#8221; header_font_size_tablet=&#8221;&#8221; header_font_size_phone=&#8221;62px&#8221; header_font_size_last_edited=&#8221;on|phone&#8221; body_font_tablet=&#8221;&#8221; body_font_phone=&#8221;&#8221; body_font_last_edited=&#8221;on|desktop&#8221; box_shadow_style=&#8221;preset1&#8243; text_shadow_style=&#8221;preset3&#8243; text_shadow_color=&#8221;#000000&#8243;][et_pb_slide heading=&#8221;K\u00e4rnten privat&#8221; use_bg_overlay=&#8221;off&#8221; use_text_overlay=&#8221;off&#8221; _builder_version=&#8221;4.4.8&#8243; header_font=&#8221;|600||||on|||&#8221; body_font_size=&#8221;24px&#8221; background_image=&#8221;\/wp-content\/uploads\/2023\/12\/ktn-privat-header-new.jpg&#8221; background_enable_image=&#8221;on&#8221; z_index=&#8221;0&#8243; header_font_phone=&#8221;|||||on|||&#8221; header_font_last_edited=&#8221;off|desktop&#8221; header_font_size_tablet=&#8221;&#8221; header_font_size_phone=&#8221;42px&#8221; header_font_size_last_edited=&#8221;on|phone&#8221; body_font_tablet=&#8221;&#8221; body_font_phone=&#8221;&#8221; body_font_last_edited=&#8221;on|desktop&#8221; body_font_size_tablet=&#8221;&#8221; body_font_size_phone=&#8221;16px&#8221; body_font_size_last_edited=&#8221;on|phone&#8221; [&hellip;]<\/p>\n","protected":false},"author":1,"featured_media":0,"parent":0,"menu_order":0,"comment_status":"closed","ping_status":"closed","template":"","meta":{"_et_pb_use_builder":"off","_et_pb_old_content":"","_et_gb_content_width":"","footnotes":""},"_links":{"self":[{"href":"https:\/\/kaernten-privat.at\/index.php?rest_route=\/wp\/v2\/pages\/4"}],"collection":[{"href":"https:\/\/kaernten-privat.at\/index.php?rest_route=\/wp\/v2\/pages"}],"about":[{"href":"https:\/\/kaernten-privat.at\/index.php?rest_route=\/wp\/v2\/types\/page"}],"author":[{"embeddable":true,"href":"https:\/\/kaernten-privat.at\/index.php?rest_route=\/wp\/v2\/users\/1"}],"replies":[{"embeddable":true,"href":"https:\/\/kaernten-privat.at\/index.php?rest_route=%2Fwp%2Fv2%2Fcomments&post=4"}],"version-history":[{"count":271,"href":"https:\/\/kaernten-privat.at\/index.php?rest_route=\/wp\/v2\/pages\/4\/revisions"}],"predecessor-version":[{"id":1942,"href":"https:\/\/kaernten-privat.at\/index.php?rest_route=\/wp\/v2\/pages\/4\/revisions\/1942"}],"wp:attachment":[{"href":"https:\/\/kaernten-privat.at\/index.php?rest_route=%2Fwp%2Fv2%2Fmedia&parent=4"}],"curies":[{"name":"wp","href":"https:\/\/api.w.org\/{rel}","templated":true}]}}